{"id":278,"date":"2024-01-01T15:51:30","date_gmt":"2024-01-01T15:51:30","guid":{"rendered":"https:\/\/www.ultimateiceskating.org\/?page_id=278&#038;preview_id=278"},"modified":"2024-03-05T07:43:21","modified_gmt":"2024-03-05T07:43:21","slug":"figure-skating-outside-indoor-ice-rinks-vienna-austria","status":"publish","type":"page","link":"https:\/\/dancing.ultimateiceskating.org\/en\/figure-skating-outside-indoor-ice-rinks-vienna-austria\/","title":{"rendered":"Figure Skating Training in Vienna\/Austria"},"content":{"rendered":"\n<figure class=\"wp-block-image size-full has-custom-border is-style-default\"><a href=\"https:\/\/dancing.ultimateiceskating.org\/wp-content\/uploads\/2024\/01\/ice-rink-Eisringsued-Vienna-Wien-Austria-w2560-h896-1024x358.jpg\"><img decoding=\"async\" loading=\"lazy\" width=\"2560\" height=\"896\" src=\"https:\/\/dancing.ultimateiceskating.org\/wp-content\/uploads\/2024\/01\/ice-rink-Eisringsued-Vienna-Wien-Austria-w2560-h896.jpg\" alt=\"\" class=\"wp-image-471\" style=\"border-radius:0px;object-fit:cover\" srcset=\"https:\/\/dancing.ultimateiceskating.org\/wp-content\/uploads\/2024\/01\/ice-rink-Eisringsued-Vienna-Wien-Austria-w2560-h896.jpg 2560w, https:\/\/dancing.ultimateiceskating.org\/wp-content\/uploads\/2024\/01\/ice-rink-Eisringsued-Vienna-Wien-Austria-w2560-h896-300x105.jpg 300w, https:\/\/dancing.ultimateiceskating.org\/wp-content\/uploads\/2024\/01\/ice-rink-Eisringsued-Vienna-Wien-Austria-w2560-h896-1024x358.jpg 1024w, https:\/\/dancing.ultimateiceskating.org\/wp-content\/uploads\/2024\/01\/ice-rink-Eisringsued-Vienna-Wien-Austria-w2560-h896-768x269.jpg 768w, https:\/\/dancing.ultimateiceskating.org\/wp-content\/uploads\/2024\/01\/ice-rink-Eisringsued-Vienna-Wien-Austria-w2560-h896-1536x538.jpg 1536w, https:\/\/dancing.ultimateiceskating.org\/wp-content\/uploads\/2024\/01\/ice-rink-Eisringsued-Vienna-Wien-Austria-w2560-h896-2048x717.jpg 2048w, https:\/\/dancing.ultimateiceskating.org\/wp-content\/uploads\/2024\/01\/ice-rink-Eisringsued-Vienna-Wien-Austria-w2560-h896-600x210.jpg 600w, https:\/\/dancing.ultimateiceskating.org\/wp-content\/uploads\/2024\/01\/ice-rink-Eisringsued-Vienna-Wien-Austria-w2560-h896-64x22.jpg 64w\" sizes=\"(max-width: 2560px) 100vw, 2560px\" \/><\/a><\/figure>\n\n\n\n<div class=\"wp-block-columns is-layout-flex wp-container-2 wp-block-columns-is-layout-flex\" style=\"padding-top:var(--wp--preset--spacing--20);padding-bottom:var(--wp--preset--spacing--20)\">\n<div class=\"wp-block-column is-vertically-aligned-center is-layout-flow wp-block-column-is-layout-flow\">\n<h1 class=\"wp-block-heading has-text-align-center\" style=\"margin-top:var(--wp--preset--spacing--60);margin-bottom:var(--wp--preset--spacing--30);text-transform:none\">Figure skating ice rinks in and around Vienna<\/h1>\n<\/div>\n<\/div>\n\n\n\n<p style=\"margin-top:0;margin-bottom:0\">Vienna has a big and long skating history. But also nowadays there are many places to skate in Winter but also during the whole year in Vienna. One can skate in the open-air at outdoor ice rinks or also indoor. In Winter there are thousands of entuisiastic people skating in Vienna every year and every day.<br> <br>Beside hobby skating, there are also many clubs offering courses and training for figure skating in Austria. There are many ice centers and indoor ice rinks which are used by figure skating clubs and trainers supporting people and especially kids who want to learn to skate and to compete in this wonderful sport. Beside the on ice training also a lot of athletic training, rotation training, dance training from ballet till modern and hip-hop and many other dance styles, strength and endurance training are in the weekly training programs  if one wants to compete on the highest levels. <br><\/p>\n\n\n\n<p><\/p>\n\n\n\n<p style=\"margin-top:0;margin-bottom:0\">In Vienna and around the city there are 5 different indoor ice skating centers as well as many open air &#8211; outside ice rinks.<\/p>\n\n\n\n<p>If you want to train figure skating in Vienna, do not hesitate to send us a message to connect you with some trainers and teams. The easiest way is to send us a message through our <strong><a href=\"https:\/\/dancing.ultimateiceskating.org\/en\/contact\/\">contact <\/a><a href=\"https:\/\/dancing.ultimateiceskating.org\/kontakt\/\">page<\/a>.<\/strong><\/p>\n\n\n\n<h2 class=\"wp-block-heading\">The biggest open air &#8211; outdoor ice rinks in Vienna<\/h2>\n\n\n\n<div class=\"wp-block-columns is-layout-flex wp-container-5 wp-block-columns-is-layout-flex\" style=\"margin-bottom:var(--wp--preset--spacing--50);padding-top:var(--wp--preset--spacing--20);padding-bottom:var(--wp--preset--spacing--20)\">\n<div class=\"wp-block-column is-layout-flow wp-block-column-is-layout-flow\">\n<h4 class=\"wp-block-heading\">Kunsteisbahn Engelmann (on the roof)<\/h4>\n\n\n\n<p>Syringgasse 6-14&nbsp; ,<br>1170 Vienna\/Austria<br>T: +43 1 4051425<br><a href=\"https:\/\/www.engelmann.co.at\">www.engelmann.co.at<\/a><br>Open: End of October &#8211; mid of March<\/p>\n\n\n\n<h4 class=\"wp-block-heading\">Eisrings\u00fcd<\/h4>\n\n\n\n<p>Windtenstra\u00dfe 2<br>1100 Vienna<br>T: +43 660 4678866<br><a href=\"https:\/\/www.eisringsued.at\">www.eisringsued.at<\/a><br>Open: End of October &#8211; mid of March<\/p>\n<\/div>\n\n\n\n<div class=\"wp-block-column is-layout-flow wp-block-column-is-layout-flow\">\n<h4 class=\"wp-block-heading\">Wiener Eislaufverein <\/h4>\n\n\n\n<p>Lothringerstra\u00dfe 22<br>1030 Vienna\/Austria<br>T: +43 1 7136353<br><a href=\"https:\/\/www.wev1867.at\">www.wev1867.at<\/a><br>Open: End of October &#8211; mid of March<\/p>\n\n\n\n<h4 class=\"wp-block-heading\">Wiener Eistraum<\/h4>\n\n\n\n<p>Rathausplatz 1<br>1010 Vienna<br>T: +43 1 4090040<br><a href=\"https:\/\/www.wienereistraum.com\">www.wienereistraum.com<\/a><br>Open: Mid of January &#8211; beginning of March<br><\/p>\n<\/div>\n<\/div>\n\n\n\n<h2 class=\"wp-block-heading\">Indoor ice rinks in and around Vienna<\/h2>\n\n\n\n<div class=\"wp-block-columns is-layout-flex wp-container-8 wp-block-columns-is-layout-flex\" style=\"padding-top:var(--wp--preset--spacing--20);padding-bottom:var(--wp--preset--spacing--20)\">\n<div class=\"wp-block-column is-layout-flow wp-block-column-is-layout-flow\">\n<h4 class=\"wp-block-heading\">Eisstadthalle<\/h4>\n\n\n\n<figure class=\"wp-block-image size-large\"><img decoding=\"async\" loading=\"lazy\" width=\"1024\" height=\"576\" src=\"https:\/\/dancing.ultimateiceskating.org\/wp-content\/uploads\/2023\/12\/ice-stadthalle-inside-website-photo-1024x576.jpg\" alt=\"\" class=\"wp-image-340\" srcset=\"https:\/\/dancing.ultimateiceskating.org\/wp-content\/uploads\/2023\/12\/ice-stadthalle-inside-website-photo-1024x576.jpg 1024w, https:\/\/dancing.ultimateiceskating.org\/wp-content\/uploads\/2023\/12\/ice-stadthalle-inside-website-photo-300x169.jpg 300w, https:\/\/dancing.ultimateiceskating.org\/wp-content\/uploads\/2023\/12\/ice-stadthalle-inside-website-photo-768x432.jpg 768w, https:\/\/dancing.ultimateiceskating.org\/wp-content\/uploads\/2023\/12\/ice-stadthalle-inside-website-photo-1536x864.jpg 1536w, https:\/\/dancing.ultimateiceskating.org\/wp-content\/uploads\/2023\/12\/ice-stadthalle-inside-website-photo-2048x1152.jpg 2048w, https:\/\/dancing.ultimateiceskating.org\/wp-content\/uploads\/2023\/12\/ice-stadthalle-inside-website-photo-600x338.jpg 600w, https:\/\/dancing.ultimateiceskating.org\/wp-content\/uploads\/2023\/12\/ice-stadthalle-inside-website-photo-64x36.jpg 64w\" sizes=\"(max-width: 1024px) 100vw, 1024px\" \/><\/figure>\n\n\n\n<p>Vogelweidplatz 14 &#8211; Halle C<br>1150 Vienna\/Austria<br>+43 1 7861678<br><a href=\"https:\/\/www.eisstadthalle.at\">www.eisstadthalle.at<\/a><br>Open: the whole season\/year<\/p>\n\n\n\n<h4 class=\"wp-block-heading\">Eisrings\u00fcd<\/h4>\n\n\n\n<figure class=\"wp-block-image size-large\"><img decoding=\"async\" loading=\"lazy\" width=\"1024\" height=\"576\" src=\"https:\/\/dancing.ultimateiceskating.org\/wp-content\/uploads\/2023\/12\/icering-sud-inside-website-photo-1024x576.jpg\" alt=\"\" class=\"wp-image-343\" srcset=\"https:\/\/dancing.ultimateiceskating.org\/wp-content\/uploads\/2023\/12\/icering-sud-inside-website-photo-1024x576.jpg 1024w, https:\/\/dancing.ultimateiceskating.org\/wp-content\/uploads\/2023\/12\/icering-sud-inside-website-photo-300x169.jpg 300w, https:\/\/dancing.ultimateiceskating.org\/wp-content\/uploads\/2023\/12\/icering-sud-inside-website-photo-768x432.jpg 768w, https:\/\/dancing.ultimateiceskating.org\/wp-content\/uploads\/2023\/12\/icering-sud-inside-website-photo-1536x864.jpg 1536w, https:\/\/dancing.ultimateiceskating.org\/wp-content\/uploads\/2023\/12\/icering-sud-inside-website-photo-2048x1152.jpg 2048w, https:\/\/dancing.ultimateiceskating.org\/wp-content\/uploads\/2023\/12\/icering-sud-inside-website-photo-600x338.jpg 600w, https:\/\/dancing.ultimateiceskating.org\/wp-content\/uploads\/2023\/12\/icering-sud-inside-website-photo-64x36.jpg 64w\" sizes=\"(max-width: 1024px) 100vw, 1024px\" \/><\/figure>\n\n\n\n<p>Windtenstra\u00dfe 2<br>1100 Vienna<br>T: +43 660 4678866<br><a href=\"http:\/\/www.eisringsued.at\">www.eisringsued.at<\/a><br>Open: Beginning of September &#8211; end of April<\/p>\n<\/div>\n\n\n\n<div class=\"wp-block-column is-layout-flow wp-block-column-is-layout-flow\">\n<h4 class=\"wp-block-heading\">Kagran &#8211; Steffl Arena<\/h4>\n\n\n\n<figure class=\"wp-block-image size-large\"><img decoding=\"async\" loading=\"lazy\" width=\"1024\" height=\"576\" src=\"https:\/\/dancing.ultimateiceskating.org\/wp-content\/uploads\/2023\/12\/kagran-ice-rink-3-inside-website-photo-1024x576.jpg\" alt=\"\" class=\"wp-image-345\" srcset=\"https:\/\/dancing.ultimateiceskating.org\/wp-content\/uploads\/2023\/12\/kagran-ice-rink-3-inside-website-photo-1024x576.jpg 1024w, https:\/\/dancing.ultimateiceskating.org\/wp-content\/uploads\/2023\/12\/kagran-ice-rink-3-inside-website-photo-300x169.jpg 300w, https:\/\/dancing.ultimateiceskating.org\/wp-content\/uploads\/2023\/12\/kagran-ice-rink-3-inside-website-photo-768x432.jpg 768w, https:\/\/dancing.ultimateiceskating.org\/wp-content\/uploads\/2023\/12\/kagran-ice-rink-3-inside-website-photo-1536x864.jpg 1536w, https:\/\/dancing.ultimateiceskating.org\/wp-content\/uploads\/2023\/12\/kagran-ice-rink-3-inside-website-photo-2048x1152.jpg 2048w, https:\/\/dancing.ultimateiceskating.org\/wp-content\/uploads\/2023\/12\/kagran-ice-rink-3-inside-website-photo-600x338.jpg 600w, https:\/\/dancing.ultimateiceskating.org\/wp-content\/uploads\/2023\/12\/kagran-ice-rink-3-inside-website-photo-64x36.jpg 64w\" sizes=\"(max-width: 1024px) 100vw, 1024px\" \/><\/figure>\n\n\n\n<p>Attemsgasse 1<br>1220 Vienna\/Austria<br>T: +43 1 2048580<br><a href=\"https:\/\/www.steffl-arena.at\">www.steffl-arena.at<\/a><br>Open: the whole season\/year<\/p>\n\n\n\n<h4 class=\"wp-block-heading\">Sportzentrum Nieder\u00f6sterreich<\/h4>\n\n\n\n<figure class=\"wp-block-image size-large\"><img decoding=\"async\" loading=\"lazy\" width=\"1024\" height=\"576\" src=\"https:\/\/dancing.ultimateiceskating.org\/wp-content\/uploads\/2024\/01\/St_Poelten-Eishalle_dark-2-w1920-1024x576.jpg\" alt=\"\" class=\"wp-image-477\" srcset=\"https:\/\/dancing.ultimateiceskating.org\/wp-content\/uploads\/2024\/01\/St_Poelten-Eishalle_dark-2-w1920-1024x576.jpg 1024w, https:\/\/dancing.ultimateiceskating.org\/wp-content\/uploads\/2024\/01\/St_Poelten-Eishalle_dark-2-w1920-300x169.jpg 300w, https:\/\/dancing.ultimateiceskating.org\/wp-content\/uploads\/2024\/01\/St_Poelten-Eishalle_dark-2-w1920-768x432.jpg 768w, https:\/\/dancing.ultimateiceskating.org\/wp-content\/uploads\/2024\/01\/St_Poelten-Eishalle_dark-2-w1920-1536x864.jpg 1536w, https:\/\/dancing.ultimateiceskating.org\/wp-content\/uploads\/2024\/01\/St_Poelten-Eishalle_dark-2-w1920-2048x1152.jpg 2048w, https:\/\/dancing.ultimateiceskating.org\/wp-content\/uploads\/2024\/01\/St_Poelten-Eishalle_dark-2-w1920-600x338.jpg 600w, https:\/\/dancing.ultimateiceskating.org\/wp-content\/uploads\/2024\/01\/St_Poelten-Eishalle_dark-2-w1920-64x36.jpg 64w\" sizes=\"(max-width: 1024px) 100vw, 1024px\" \/><\/figure>\n\n\n\n<p>Dr. Adolf Sch\u00e4rf-Stra\u00dfe 25<br>3100 St. P\u00f6lten<br>T: +43 2742 295-0<br><a href=\"http:\/\/www.sportzentrum-noe.at\/en\/sports-facilities\/ice-rink\">www.sportzentrum-noe.at<\/a><br>Open: the whole season\/year with small breaks<br><\/p>\n<\/div>\n<\/div>\n\n\n\n<p style=\"font-size:14px\"><br><\/p>\n\n\n\n<p><\/p>\n","protected":false},"excerpt":{"rendered":"<p>Figure skating ice rinks in and around Vienna Vienna has a big and long skating history. But also nowadays there are many places to skate in Winter but also during the whole year in Vienna. One can skate in the open-air at outdoor ice rinks or also indoor. In Winter there are thousands of entuisiastic &hellip;<\/p>\n<p class=\"read-more\"> <a class=\"\" href=\"https:\/\/dancing.ultimateiceskating.org\/en\/figure-skating-outside-indoor-ice-rinks-vienna-austria\/\"> <span class=\"screen-reader-text\">Figure Skating Training in Vienna\/Austria<\/span> Read More \u00bb<\/a><\/p>\n","protected":false},"author":1,"featured_media":0,"parent":0,"menu_order":0,"comment_status":"closed","ping_status":"open","template":"","meta":{"ub_ctt_via":"","advgb_blocks_editor_width":"","advgb_blocks_columns_visual_guide":"","_uag_custom_page_level_css":"","site-sidebar-layout":"default","site-content-layout":"","ast-site-content-layout":"default","site-content-style":"default","site-sidebar-style":"default","ast-global-header-display":"","ast-banner-title-visibility":"","ast-main-header-display":"","ast-hfb-above-header-display":"","ast-hfb-below-header-display":"","ast-hfb-mobile-header-display":"","site-post-title":"disabled","ast-breadcrumbs-content":"","ast-featured-img":"","footer-sml-layout":"","theme-transparent-header-meta":"","adv-header-id-meta":"","stick-header-meta":"","header-above-stick-meta":"","header-main-stick-meta":"","header-below-stick-meta":"","astra-migrate-meta-layouts":"set","_themeisle_gutenberg_block_has_review":false,"footnotes":""},"pp_force_visibility":null,"pp_subpost_visibility":null,"pp_inherited_force_visibility":null,"pp_inherited_subpost_visibility":null,"featured_image_src":null,"yoast_head":"<!-- This site is optimized with the Yoast SEO plugin v21.2 - https:\/\/yoast.com\/wordpress\/plugins\/seo\/ -->\n<title>Figure Skating Training in Vienna\/Austria - Ultimate Ice Skating Center Vienna<\/title>\n<meta name=\"robots\" content=\"noindex, follow, max-snippet:-1, max-image-preview:large, max-video-preview:-1\" \/>\n<meta property=\"og:locale\" content=\"en_US\" \/>\n<meta property=\"og:type\" content=\"article\" \/>\n<meta property=\"og:title\" content=\"Figure Skating Training in Vienna\/Austria - Ultimate Ice Skating Center Vienna\" \/>\n<meta property=\"og:description\" content=\"Figure skating ice rinks in and around Vienna Vienna has a big and long skating history. But also nowadays there are many places to skate in Winter but also during the whole year in Vienna. One can skate in the open-air at outdoor ice rinks or also indoor. In Winter there are thousands of entuisiastic &hellip; Figure Skating Training in Vienna\/Austria Read More \u00bb\" \/>\n<meta property=\"og:url\" content=\"https:\/\/dancing.ultimateiceskating.org\/en\/figure-skating-outside-indoor-ice-rinks-vienna-austria\/\" \/>\n<meta property=\"og:site_name\" content=\"Ultimate Ice Skating Center Vienna\" \/>\n<meta property=\"article:modified_time\" content=\"2024-03-05T07:43:21+00:00\" \/>\n<meta property=\"og:image\" content=\"https:\/\/dancing.ultimateiceskating.org\/wp-content\/uploads\/2024\/01\/ice-rink-Eisringsued-Vienna-Wien-Austria-w2560-h896.jpg\" \/>\n<meta name=\"twitter:card\" content=\"summary_large_image\" \/>\n<meta name=\"twitter:label1\" content=\"Est. reading time\" \/>\n\t<meta name=\"twitter:data1\" content=\"4 minutes\" \/>\n<script type=\"application\/ld+json\" class=\"yoast-schema-graph\">{\"@context\":\"https:\/\/schema.org\",\"@graph\":[{\"@type\":\"WebPage\",\"@id\":\"https:\/\/dancing.ultimateiceskating.org\/en\/figure-skating-outside-indoor-ice-rinks-vienna-austria\/\",\"url\":\"https:\/\/dancing.ultimateiceskating.org\/en\/figure-skating-outside-indoor-ice-rinks-vienna-austria\/\",\"name\":\"Figure Skating Training in Vienna\/Austria - Ultimate Ice Skating Center Vienna\",\"isPartOf\":{\"@id\":\"https:\/\/dancing.ultimateiceskating.org\/en\/#website\"},\"datePublished\":\"2024-01-01T15:51:30+00:00\",\"dateModified\":\"2024-03-05T07:43:21+00:00\",\"breadcrumb\":{\"@id\":\"https:\/\/dancing.ultimateiceskating.org\/en\/figure-skating-outside-indoor-ice-rinks-vienna-austria\/#breadcrumb\"},\"inLanguage\":\"en-US\",\"potentialAction\":[{\"@type\":\"ReadAction\",\"target\":[\"https:\/\/dancing.ultimateiceskating.org\/en\/figure-skating-outside-indoor-ice-rinks-vienna-austria\/\"]}]},{\"@type\":\"BreadcrumbList\",\"@id\":\"https:\/\/dancing.ultimateiceskating.org\/en\/figure-skating-outside-indoor-ice-rinks-vienna-austria\/#breadcrumb\",\"itemListElement\":[{\"@type\":\"ListItem\",\"position\":1,\"name\":\"Startseite\",\"item\":\"https:\/\/dancing.ultimateiceskating.org\/en\/\"},{\"@type\":\"ListItem\",\"position\":2,\"name\":\"Figure Skating Training in Vienna\/Austria\"}]},{\"@type\":\"WebSite\",\"@id\":\"https:\/\/dancing.ultimateiceskating.org\/en\/#website\",\"url\":\"https:\/\/dancing.ultimateiceskating.org\/en\/\",\"name\":\"Ultimate Ice Skating Center Vienna\",\"description\":\"\",\"publisher\":{\"@id\":\"https:\/\/dancing.ultimateiceskating.org\/en\/#organization\"},\"potentialAction\":[{\"@type\":\"SearchAction\",\"target\":{\"@type\":\"EntryPoint\",\"urlTemplate\":\"https:\/\/dancing.ultimateiceskating.org\/en\/?s={search_term_string}\"},\"query-input\":\"required name=search_term_string\"}],\"inLanguage\":\"en-US\"},{\"@type\":\"Organization\",\"@id\":\"https:\/\/dancing.ultimateiceskating.org\/en\/#organization\",\"name\":\"Ultimate Ice Skating Center Vienna\",\"url\":\"https:\/\/dancing.ultimateiceskating.org\/en\/\",\"logo\":{\"@type\":\"ImageObject\",\"inLanguage\":\"en-US\",\"@id\":\"https:\/\/dancing.ultimateiceskating.org\/en\/#\/schema\/logo\/image\/\",\"url\":\"https:\/\/dancing.ultimateiceskating.org\/wp-content\/uploads\/2023\/11\/cropped-cropped-uisc-full-.png\",\"contentUrl\":\"https:\/\/dancing.ultimateiceskating.org\/wp-content\/uploads\/2023\/11\/cropped-cropped-uisc-full-.png\",\"width\":3526,\"height\":922,\"caption\":\"Ultimate Ice Skating Center Vienna\"},\"image\":{\"@id\":\"https:\/\/dancing.ultimateiceskating.org\/en\/#\/schema\/logo\/image\/\"}}]}<\/script>\n<!-- \/ Yoast SEO plugin. -->","yoast_head_json":{"title":"Figure Skating Training in Vienna\/Austria - Ultimate Ice Skating Center Vienna","robots":{"index":"noindex","follow":"follow","max-snippet":"max-snippet:-1","max-image-preview":"max-image-preview:large","max-video-preview":"max-video-preview:-1"},"og_locale":"en_US","og_type":"article","og_title":"Figure Skating Training in Vienna\/Austria - Ultimate Ice Skating Center Vienna","og_description":"Figure skating ice rinks in and around Vienna Vienna has a big and long skating history. But also nowadays there are many places to skate in Winter but also during the whole year in Vienna. One can skate in the open-air at outdoor ice rinks or also indoor. In Winter there are thousands of entuisiastic &hellip; Figure Skating Training in Vienna\/Austria Read More \u00bb","og_url":"https:\/\/dancing.ultimateiceskating.org\/en\/figure-skating-outside-indoor-ice-rinks-vienna-austria\/","og_site_name":"Ultimate Ice Skating Center Vienna","article_modified_time":"2024-03-05T07:43:21+00:00","og_image":[{"url":"https:\/\/dancing.ultimateiceskating.org\/wp-content\/uploads\/2024\/01\/ice-rink-Eisringsued-Vienna-Wien-Austria-w2560-h896.jpg"}],"twitter_card":"summary_large_image","twitter_misc":{"Est. reading time":"4 minutes"},"schema":{"@context":"https:\/\/schema.org","@graph":[{"@type":"WebPage","@id":"https:\/\/dancing.ultimateiceskating.org\/en\/figure-skating-outside-indoor-ice-rinks-vienna-austria\/","url":"https:\/\/dancing.ultimateiceskating.org\/en\/figure-skating-outside-indoor-ice-rinks-vienna-austria\/","name":"Figure Skating Training in Vienna\/Austria - Ultimate Ice Skating Center Vienna","isPartOf":{"@id":"https:\/\/dancing.ultimateiceskating.org\/en\/#website"},"datePublished":"2024-01-01T15:51:30+00:00","dateModified":"2024-03-05T07:43:21+00:00","breadcrumb":{"@id":"https:\/\/dancing.ultimateiceskating.org\/en\/figure-skating-outside-indoor-ice-rinks-vienna-austria\/#breadcrumb"},"inLanguage":"en-US","potentialAction":[{"@type":"ReadAction","target":["https:\/\/dancing.ultimateiceskating.org\/en\/figure-skating-outside-indoor-ice-rinks-vienna-austria\/"]}]},{"@type":"BreadcrumbList","@id":"https:\/\/dancing.ultimateiceskating.org\/en\/figure-skating-outside-indoor-ice-rinks-vienna-austria\/#breadcrumb","itemListElement":[{"@type":"ListItem","position":1,"name":"Startseite","item":"https:\/\/dancing.ultimateiceskating.org\/en\/"},{"@type":"ListItem","position":2,"name":"Figure Skating Training in Vienna\/Austria"}]},{"@type":"WebSite","@id":"https:\/\/dancing.ultimateiceskating.org\/en\/#website","url":"https:\/\/dancing.ultimateiceskating.org\/en\/","name":"Ultimate Ice Skating Center Vienna","description":"","publisher":{"@id":"https:\/\/dancing.ultimateiceskating.org\/en\/#organization"},"potentialAction":[{"@type":"SearchAction","target":{"@type":"EntryPoint","urlTemplate":"https:\/\/dancing.ultimateiceskating.org\/en\/?s={search_term_string}"},"query-input":"required name=search_term_string"}],"inLanguage":"en-US"},{"@type":"Organization","@id":"https:\/\/dancing.ultimateiceskating.org\/en\/#organization","name":"Ultimate Ice Skating Center Vienna","url":"https:\/\/dancing.ultimateiceskating.org\/en\/","logo":{"@type":"ImageObject","inLanguage":"en-US","@id":"https:\/\/dancing.ultimateiceskating.org\/en\/#\/schema\/logo\/image\/","url":"https:\/\/dancing.ultimateiceskating.org\/wp-content\/uploads\/2023\/11\/cropped-cropped-uisc-full-.png","contentUrl":"https:\/\/dancing.ultimateiceskating.org\/wp-content\/uploads\/2023\/11\/cropped-cropped-uisc-full-.png","width":3526,"height":922,"caption":"Ultimate Ice Skating Center Vienna"},"image":{"@id":"https:\/\/dancing.ultimateiceskating.org\/en\/#\/schema\/logo\/image\/"}}]}},"coauthors":[{"link":"https:\/\/dancing.ultimateiceskating.org\/en\/author\/ifadmin\/","display_name":"admin"}],"author_meta":{"author_link":"https:\/\/dancing.ultimateiceskating.org\/en\/author\/ifadmin\/","display_name":"admin"},"relative_dates":{"created":"Posted 2 years ago","modified":"Updated 2 years ago"},"absolute_dates":{"created":"Posted on January 1, 2024","modified":"Updated on March 5, 2024"},"absolute_dates_time":{"created":"Posted on January 1, 2024 3:51 pm","modified":"Updated on March 5, 2024 7:43 am"},"featured_img_caption":"","featured_img":false,"series_order":null,"uagb_featured_image_src":{"full":false,"thumbnail":false,"medium":false,"medium_large":false,"large":false,"1536x1536":false,"2048x2048":false,"woocommerce_thumbnail":false,"woocommerce_single":false,"woocommerce_gallery_thumbnail":false,"dgwt-wcas-product-suggestion":false},"uagb_author_info":{"display_name":"admin","author_link":"https:\/\/dancing.ultimateiceskating.org\/en\/author\/ifadmin\/"},"uagb_comment_info":0,"uagb_excerpt":"Figure skating ice rinks in and around Vienna Vienna has a big and long skating history. But also nowadays there are many places to skate in Winter but also during the whole year in Vienna. One can skate in the open-air at outdoor ice rinks or also indoor. In Winter there are thousands of entuisiastic&hellip;","_links":{"self":[{"href":"https:\/\/dancing.ultimateiceskating.org\/en\/wp-json\/wp\/v2\/pages\/278"}],"collection":[{"href":"https:\/\/dancing.ultimateiceskating.org\/en\/wp-json\/wp\/v2\/pages"}],"about":[{"href":"https:\/\/dancing.ultimateiceskating.org\/en\/wp-json\/wp\/v2\/types\/page"}],"author":[{"embeddable":true,"href":"https:\/\/dancing.ultimateiceskating.org\/en\/wp-json\/wp\/v2\/users\/1"}],"replies":[{"embeddable":true,"href":"https:\/\/dancing.ultimateiceskating.org\/en\/wp-json\/wp\/v2\/comments?post=278"}],"version-history":[{"count":27,"href":"https:\/\/dancing.ultimateiceskating.org\/en\/wp-json\/wp\/v2\/pages\/278\/revisions"}],"predecessor-version":[{"id":981,"href":"https:\/\/dancing.ultimateiceskating.org\/en\/wp-json\/wp\/v2\/pages\/278\/revisions\/981"}],"wp:attachment":[{"href":"https:\/\/dancing.ultimateiceskating.org\/en\/wp-json\/wp\/v2\/media?parent=278"}],"curies":[{"name":"wp","href":"https:\/\/api.w.org\/{rel}","templated":true}]}}